{"id":76,"date":"2020-03-25T13:16:46","date_gmt":"2020-03-25T13:16:46","guid":{"rendered":"http:\/\/www.cuadrostureganos.com\/?page_id=76"},"modified":"2020-04-19T16:04:30","modified_gmt":"2020-04-19T16:04:30","slug":"cuadros-turegano","status":"publish","type":"page","link":"https:\/\/www.cuadrostureganos.com\/","title":{"rendered":"CUADROS TUREGANOS"},"content":{"rendered":"\n<p class=\"has-text-align-left\"><strong>Todo en cuadros: <\/strong><strong>\u00f3leos originales,<\/strong> <strong>litograf\u00edas, serigraf\u00edas, grabados,  acr\u00edlicos, laminas, acuarelas, p\u00f3sters<\/strong>, <strong>espejos y todo tipo enmarcacion<\/strong>.<\/p>\n\n\n\n<p><strong>Cuadros Tureganos (fabricacion propia desde 1978) es una empresa ubicada en Alboraya (Valencia) y consolidada en el sector del cuadro y la enmarcaci\u00f3n donde comenzamos como distribuidores de cuadros al por mayor y al publico.<\/strong><\/p>\n\n\n\n<p>Abrimos nuestro taller que despu\u00e9s se convirti\u00f3 en exposici\u00f3n de venta al p\u00fablico en la avenida de la Horchata n 35b \u00a0en Alboraya (Valencia).<\/p>\n\n\n\n<p>Empezamos enmarcando todo lo que nuestros clientes necesitaban para decorar su casa, lo cual seguimos haciendo, pero al mismo tiempo nos fuimos especializando en obra original de pintores nacionales y en el enmarcado para museos, galer\u00edas de arte y artistas profesionales,\u00a0enmarc\u00e1ndolas adecuadamente, cualquier obra, tanto en papel como en cualquier otro soporte susceptible de ser enmarcado.<\/p>\n\n\n\n<p>Nuestra consolidada experiencia nos ha llevado a trabajar para toda clase de clientes, desde particulares que buscan una moldura espec\u00edfica, hasta galeristas y profesionales del sector, que necesitan el servicio profesional de enmarcaci\u00f3n bajo unos est\u00e1ndares y una garant\u00eda.<\/p>\n\n\n\n<p>Aunque el principal instrumento de trabajo reside en nuestras manos, nos valemos de la maquinaria m\u00e1s avanzada, para aportar ese grado de perfecci\u00f3n que buscamos en todos los encargos.<\/p>\n\n\n\n<p>Uno de nuestros principales objetivos ha sido estar siempre en cabeza con las ultimas tendencias en lo que a decoraci\u00f3n de interiores se refiere y sobre todo la atenci\u00f3n personalizada que siempre ofrecemos.<\/p>\n\n\n\n<p>Y es por eso que en nuestra tienda encontrara las \u00faltimas novedades en cuadros y molduras as\u00ed como una amplia gama de litograf\u00edas, serigraf\u00edas, grabados, \u00f3leos originales, acr\u00edlicos, laminas, acuarelas, espejos y todo tipo de material relacionado con la enmarcacion.<\/p>\n\n\n\n<div class=\"wp-block-image\"><figure class=\"aligncenter size-large is-resized\"><img fetchpriority=\"high\" decoding=\"async\" src=\"https:\/\/www.cuadrostureganos.com\/wp-content\/uploads\/2020\/04\/Sin-t\u00edtulo.png\" alt=\"\" class=\"wp-image-1235\" width=\"871\" height=\"281\" srcset=\"https:\/\/www.cuadrostureganos.com\/wp-content\/uploads\/2020\/04\/Sin-t\u00edtulo.png 642w, https:\/\/www.cuadrostureganos.com\/wp-content\/uploads\/2020\/04\/Sin-t\u00edtulo-300x97.png 300w\" sizes=\"(max-width: 871px) 100vw, 871px\" \/><figcaption>PRODUCTO NACIONAL<\/figcaption><\/figure><\/div>\n\n\n\n<p>\u00bfEst\u00e1s buscando ideas para decorar tus paredes? Descubre en nuestra tienda miles combinaciones de cuadros pintados a mano por nuestros artistas y l\u00e1minas, tanto con marco como sin marco, lamias texturizadas montadas en bastidor de grosor a medida con motivos de grandes pintores y fot\u00f3grafos.<\/p>\n\n\n<p><img decoding=\"async\" class=\"aligncenter\" src=\"https:\/\/www.cuadrostureganos.com\/wp-content\/uploads\/2017\/11\/21EA216B-2CA1-48C9-8904-4C7C505988BA-1024x768.jpeg\" sizes=\"(max-width: 1024px) 100vw, 1024px\" srcset=\"https:\/\/www.cuadrostureganos.com\/wp-content\/uploads\/2017\/11\/21EA216B-2CA1-48C9-8904-4C7C505988BA-1024x768.jpeg 1024w, https:\/\/www.cuadrostureganos.com\/wp-content\/uploads\/2017\/11\/21EA216B-2CA1-48C9-8904-4C7C505988BA-300x225.jpeg 300w, https:\/\/www.cuadrostureganos.com\/wp-content\/uploads\/2017\/11\/21EA216B-2CA1-48C9-8904-4C7C505988BA-768x576.jpeg 768w\" alt=\"\" width=\"1024\" height=\"768\" \/><\/p>\n\n\n<p>Hay muchas formas de decorar tu casa o tu negocio con buen gusto, arte y escapando de lo que tiene todo el mundo, una de ellas es con tu propio cuadro moderno 100% personalizado y se hacen a gusto: t\u00fa eliges formato, tama\u00f1o, formas, colores, dise\u00f1o\u2026todo dise\u00f1ado seg\u00fan tus preferencias. El servicio que ofrecemos est\u00e1 \u00edntegramente pensado por y para el cliente<\/p>\n<!-- AddThis Advanced Settings generic via filter on the_content --><!-- AddThis Share Buttons generic via filter on the_content -->","protected":false},"excerpt":{"rendered":"<p>Todo en cuadros: \u00f3leos originales, litograf\u00edas, serigraf\u00edas, grabados, acr\u00edlicos, laminas, acuarelas, p\u00f3sters, espejos y todo tipo enmarcacion. Cuadros Tureganos (fabricacion propia desde 1978) es una empresa ubicada en Alboraya (Valencia) y consolidada en el sector del cuadro y la enmarcaci\u00f3n donde comenzamos como distribuidores de cuadros al por mayor y al publico. Abrimos nuestro taller &#8230; <a title=\"CUADROS TUREGANOS\" class=\"read-more\" href=\"https:\/\/www.cuadrostureganos.com\/\">Leer m\u00e1s<\/a><!-- AddThis Advanced Settings generic via filter on get_the_excerpt --><!-- AddThis Share Buttons generic via filter on get_the_excerpt --><\/p>\n","protected":false},"author":1,"featured_media":1260,"parent":25,"menu_order":0,"comment_status":"closed","ping_status":"closed","template":"","meta":{"generate_page_header":"","footnotes":""},"class_list":["post-76","page","type-page","status-publish","has-post-thumbnail"],"yoast_head":"<!-- This site is optimized with the Yoast SEO plugin v26.8 - https:\/\/yoast.com\/product\/yoast-seo-wordpress\/ -->\n<title>CUADROS TUREGANOS<\/title>\n<meta name=\"description\" content=\"Todo en cuadros: \u00f3leos originales, litograf\u00edas, serigraf\u00edas, grabados, acr\u00edlicos, laminas, acuarelas, p\u00f3sters, espejos y todo tipo enmarcacion. Cuadros\" \/>\n<meta name=\"robots\" content=\"index, follow, max-snippet:-1, max-image-preview:large, max-video-preview:-1\" \/>\n<link rel=\"canonical\" href=\"https:\/\/www.cuadrostureganos.com\/\" \/>\n<meta property=\"og:locale\" content=\"es_ES\" \/>\n<meta property=\"og:type\" content=\"article\" \/>\n<meta property=\"og:title\" content=\"CUADROS TUREGANOS\" \/>\n<meta property=\"og:description\" content=\"Todo en cuadros: \u00f3leos originales, litograf\u00edas, serigraf\u00edas, grabados, acr\u00edlicos, laminas, acuarelas, p\u00f3sters, espejos y todo tipo enmarcacion. Cuadros\" \/>\n<meta property=\"og:url\" content=\"https:\/\/www.cuadrostureganos.com\/\" \/>\n<meta property=\"og:site_name\" content=\"Cuadros Tureganos\" \/>\n<meta property=\"article:modified_time\" content=\"2020-04-19T16:04:30+00:00\" \/>\n<meta property=\"og:image\" content=\"https:\/\/www.cuadrostureganos.com\/wp-content\/uploads\/2020\/04\/image0-6-1-scaled-e1586867866325.jpeg\" \/>\n\t<meta property=\"og:image:width\" content=\"2560\" \/>\n\t<meta property=\"og:image:height\" content=\"1341\" \/>\n\t<meta property=\"og:image:type\" content=\"image\/jpeg\" \/>\n<meta name=\"twitter:card\" content=\"summary_large_image\" \/>\n<meta name=\"twitter:label1\" content=\"Tiempo de lectura\" \/>\n\t<meta name=\"twitter:data1\" content=\"2 minutos\" \/>\n<script type=\"application\/ld+json\" class=\"yoast-schema-graph\">{\"@context\":\"https:\/\/schema.org\",\"@graph\":[{\"@type\":\"WebPage\",\"@id\":\"https:\/\/www.cuadrostureganos.com\/\",\"url\":\"https:\/\/www.cuadrostureganos.com\/\",\"name\":\"CUADROS TUREGANOS\",\"isPartOf\":{\"@id\":\"https:\/\/www.cuadrostureganos.com\/#website\"},\"primaryImageOfPage\":{\"@id\":\"https:\/\/www.cuadrostureganos.com\/#primaryimage\"},\"image\":{\"@id\":\"https:\/\/www.cuadrostureganos.com\/#primaryimage\"},\"thumbnailUrl\":\"https:\/\/www.cuadrostureganos.com\/wp-content\/uploads\/2020\/04\/image0-6-1-scaled-e1586867866325.jpeg\",\"datePublished\":\"2020-03-25T13:16:46+00:00\",\"dateModified\":\"2020-04-19T16:04:30+00:00\",\"description\":\"Todo en cuadros: \u00f3leos originales, litograf\u00edas, serigraf\u00edas, grabados, acr\u00edlicos, laminas, acuarelas, p\u00f3sters, espejos y todo tipo enmarcacion. Cuadros\",\"breadcrumb\":{\"@id\":\"https:\/\/www.cuadrostureganos.com\/#breadcrumb\"},\"inLanguage\":\"es\",\"potentialAction\":[{\"@type\":\"ReadAction\",\"target\":[\"https:\/\/www.cuadrostureganos.com\/\"]}]},{\"@type\":\"ImageObject\",\"inLanguage\":\"es\",\"@id\":\"https:\/\/www.cuadrostureganos.com\/#primaryimage\",\"url\":\"https:\/\/www.cuadrostureganos.com\/wp-content\/uploads\/2020\/04\/image0-6-1-scaled-e1586867866325.jpeg\",\"contentUrl\":\"https:\/\/www.cuadrostureganos.com\/wp-content\/uploads\/2020\/04\/image0-6-1-scaled-e1586867866325.jpeg\",\"width\":2560,\"height\":1341,\"caption\":\"INTERIOR TIENDA\"},{\"@type\":\"BreadcrumbList\",\"@id\":\"https:\/\/www.cuadrostureganos.com\/#breadcrumb\",\"itemListElement\":[{\"@type\":\"ListItem\",\"position\":1,\"name\":\"Portada\",\"item\":\"https:\/\/www.cuadrostureganos.com\/\"},{\"@type\":\"ListItem\",\"position\":2,\"name\":\"CONTACTO\",\"item\":\"https:\/\/www.cuadrostureganos.com\/?page_id=25\"},{\"@type\":\"ListItem\",\"position\":3,\"name\":\"CUADROS TUREGANOS\"}]},{\"@type\":\"WebSite\",\"@id\":\"https:\/\/www.cuadrostureganos.com\/#website\",\"url\":\"https:\/\/www.cuadrostureganos.com\/\",\"name\":\"Cuadros Tureganos\",\"description\":\"Tu tienda de cuadros en Valencia\",\"publisher\":{\"@id\":\"https:\/\/www.cuadrostureganos.com\/#organization\"},\"potentialAction\":[{\"@type\":\"SearchAction\",\"target\":{\"@type\":\"EntryPoint\",\"urlTemplate\":\"https:\/\/www.cuadrostureganos.com\/?s={search_term_string}\"},\"query-input\":{\"@type\":\"PropertyValueSpecification\",\"valueRequired\":true,\"valueName\":\"search_term_string\"}}],\"inLanguage\":\"es\"},{\"@type\":\"Organization\",\"@id\":\"https:\/\/www.cuadrostureganos.com\/#organization\",\"name\":\"Cuadros Tureganos\",\"url\":\"https:\/\/www.cuadrostureganos.com\/\",\"logo\":{\"@type\":\"ImageObject\",\"inLanguage\":\"es\",\"@id\":\"https:\/\/www.cuadrostureganos.com\/#\/schema\/logo\/image\/\",\"url\":\"https:\/\/www.cuadrostureganos.com\/wp-content\/uploads\/2020\/03\/cropped-Agregar-un-t\u00edtulo-1.png\",\"contentUrl\":\"https:\/\/www.cuadrostureganos.com\/wp-content\/uploads\/2020\/03\/cropped-Agregar-un-t\u00edtulo-1.png\",\"width\":500,\"height\":500,\"caption\":\"Cuadros Tureganos\"},\"image\":{\"@id\":\"https:\/\/www.cuadrostureganos.com\/#\/schema\/logo\/image\/\"}}]}<\/script>\n<!-- \/ Yoast SEO plugin. -->","yoast_head_json":{"title":"CUADROS TUREGANOS","description":"Todo en cuadros: \u00f3leos originales, litograf\u00edas, serigraf\u00edas, grabados, acr\u00edlicos, laminas, acuarelas, p\u00f3sters, espejos y todo tipo enmarcacion. Cuadros","robots":{"index":"index","follow":"follow","max-snippet":"max-snippet:-1","max-image-preview":"max-image-preview:large","max-video-preview":"max-video-preview:-1"},"canonical":"https:\/\/www.cuadrostureganos.com\/","og_locale":"es_ES","og_type":"article","og_title":"CUADROS TUREGANOS","og_description":"Todo en cuadros: \u00f3leos originales, litograf\u00edas, serigraf\u00edas, grabados, acr\u00edlicos, laminas, acuarelas, p\u00f3sters, espejos y todo tipo enmarcacion. Cuadros","og_url":"https:\/\/www.cuadrostureganos.com\/","og_site_name":"Cuadros Tureganos","article_modified_time":"2020-04-19T16:04:30+00:00","og_image":[{"width":2560,"height":1341,"url":"https:\/\/www.cuadrostureganos.com\/wp-content\/uploads\/2020\/04\/image0-6-1-scaled-e1586867866325.jpeg","type":"image\/jpeg"}],"twitter_card":"summary_large_image","twitter_misc":{"Tiempo de lectura":"2 minutos"},"schema":{"@context":"https:\/\/schema.org","@graph":[{"@type":"WebPage","@id":"https:\/\/www.cuadrostureganos.com\/","url":"https:\/\/www.cuadrostureganos.com\/","name":"CUADROS TUREGANOS","isPartOf":{"@id":"https:\/\/www.cuadrostureganos.com\/#website"},"primaryImageOfPage":{"@id":"https:\/\/www.cuadrostureganos.com\/#primaryimage"},"image":{"@id":"https:\/\/www.cuadrostureganos.com\/#primaryimage"},"thumbnailUrl":"https:\/\/www.cuadrostureganos.com\/wp-content\/uploads\/2020\/04\/image0-6-1-scaled-e1586867866325.jpeg","datePublished":"2020-03-25T13:16:46+00:00","dateModified":"2020-04-19T16:04:30+00:00","description":"Todo en cuadros: \u00f3leos originales, litograf\u00edas, serigraf\u00edas, grabados, acr\u00edlicos, laminas, acuarelas, p\u00f3sters, espejos y todo tipo enmarcacion. Cuadros","breadcrumb":{"@id":"https:\/\/www.cuadrostureganos.com\/#breadcrumb"},"inLanguage":"es","potentialAction":[{"@type":"ReadAction","target":["https:\/\/www.cuadrostureganos.com\/"]}]},{"@type":"ImageObject","inLanguage":"es","@id":"https:\/\/www.cuadrostureganos.com\/#primaryimage","url":"https:\/\/www.cuadrostureganos.com\/wp-content\/uploads\/2020\/04\/image0-6-1-scaled-e1586867866325.jpeg","contentUrl":"https:\/\/www.cuadrostureganos.com\/wp-content\/uploads\/2020\/04\/image0-6-1-scaled-e1586867866325.jpeg","width":2560,"height":1341,"caption":"INTERIOR TIENDA"},{"@type":"BreadcrumbList","@id":"https:\/\/www.cuadrostureganos.com\/#breadcrumb","itemListElement":[{"@type":"ListItem","position":1,"name":"Portada","item":"https:\/\/www.cuadrostureganos.com\/"},{"@type":"ListItem","position":2,"name":"CONTACTO","item":"https:\/\/www.cuadrostureganos.com\/?page_id=25"},{"@type":"ListItem","position":3,"name":"CUADROS TUREGANOS"}]},{"@type":"WebSite","@id":"https:\/\/www.cuadrostureganos.com\/#website","url":"https:\/\/www.cuadrostureganos.com\/","name":"Cuadros Tureganos","description":"Tu tienda de cuadros en Valencia","publisher":{"@id":"https:\/\/www.cuadrostureganos.com\/#organization"},"potentialAction":[{"@type":"SearchAction","target":{"@type":"EntryPoint","urlTemplate":"https:\/\/www.cuadrostureganos.com\/?s={search_term_string}"},"query-input":{"@type":"PropertyValueSpecification","valueRequired":true,"valueName":"search_term_string"}}],"inLanguage":"es"},{"@type":"Organization","@id":"https:\/\/www.cuadrostureganos.com\/#organization","name":"Cuadros Tureganos","url":"https:\/\/www.cuadrostureganos.com\/","logo":{"@type":"ImageObject","inLanguage":"es","@id":"https:\/\/www.cuadrostureganos.com\/#\/schema\/logo\/image\/","url":"https:\/\/www.cuadrostureganos.com\/wp-content\/uploads\/2020\/03\/cropped-Agregar-un-t\u00edtulo-1.png","contentUrl":"https:\/\/www.cuadrostureganos.com\/wp-content\/uploads\/2020\/03\/cropped-Agregar-un-t\u00edtulo-1.png","width":500,"height":500,"caption":"Cuadros Tureganos"},"image":{"@id":"https:\/\/www.cuadrostureganos.com\/#\/schema\/logo\/image\/"}}]}},"jetpack_sharing_enabled":true,"_links":{"self":[{"href":"https:\/\/www.cuadrostureganos.com\/index.php?rest_route=\/wp\/v2\/pages\/76","targetHints":{"allow":["GET"]}}],"collection":[{"href":"https:\/\/www.cuadrostureganos.com\/index.php?rest_route=\/wp\/v2\/pages"}],"about":[{"href":"https:\/\/www.cuadrostureganos.com\/index.php?rest_route=\/wp\/v2\/types\/page"}],"author":[{"embeddable":true,"href":"https:\/\/www.cuadrostureganos.com\/index.php?rest_route=\/wp\/v2\/users\/1"}],"replies":[{"embeddable":true,"href":"https:\/\/www.cuadrostureganos.com\/index.php?rest_route=%2Fwp%2Fv2%2Fcomments&post=76"}],"version-history":[{"count":15,"href":"https:\/\/www.cuadrostureganos.com\/index.php?rest_route=\/wp\/v2\/pages\/76\/revisions"}],"predecessor-version":[{"id":1317,"href":"https:\/\/www.cuadrostureganos.com\/index.php?rest_route=\/wp\/v2\/pages\/76\/revisions\/1317"}],"up":[{"embeddable":true,"href":"https:\/\/www.cuadrostureganos.com\/index.php?rest_route=\/wp\/v2\/pages\/25"}],"wp:featuredmedia":[{"embeddable":true,"href":"https:\/\/www.cuadrostureganos.com\/index.php?rest_route=\/wp\/v2\/media\/1260"}],"wp:attachment":[{"href":"https:\/\/www.cuadrostureganos.com\/index.php?rest_route=%2Fwp%2Fv2%2Fmedia&parent=76"}],"curies":[{"name":"wp","href":"https:\/\/api.w.org\/{rel}","templated":true}]}}